{"id":4148,"date":"2018-11-13T16:08:43","date_gmt":"2018-11-13T15:08:43","guid":{"rendered":"https:\/\/www.creasolution.it\/?page_id=4148"},"modified":"2025-10-14T11:11:13","modified_gmt":"2025-10-14T09:11:13","slug":"cad-quote__trashed-2-2","status":"publish","type":"page","link":"https:\/\/www.creasolution.it\/en\/cad-quote-2\/","title":{"rendered":"CAD PATTERN MAKING"},"content":{"rendered":"[vc_row css_animation=&#8221;element_from_fade&#8221; row_type=&#8221;row&#8221; use_row_as_full_screen_section=&#8221;no&#8221; type=&#8221;grid&#8221; header_style=&#8221;dark&#8221; angled_section=&#8221;no&#8221; text_align=&#8221;left&#8221; background_image_as_pattern=&#8221;without_pattern&#8221; background_image=&#8221;3684&#8243; el_id=&#8221;landingintrosection&#8221; el_class=&#8221;heading_fullscreen heading_dark&#8221; css=&#8221;.vc_custom_1617871955766{background-image: url(https:\/\/www.creasolution.it\/wp-content\/uploads\/2021\/04\/Screenshot-2458.png?id=9840) !important;}&#8221; z_index=&#8221;&#8221;][vc_column width=&#8221;1\/2&#8243;][vc_column_text]\n<p>&nbsp;<\/p>\n<p>&nbsp;<\/p>\n[\/vc_column_text][vc_column_text]\n<h3>CREA SOLUTION<\/h3>\n[\/vc_column_text][vc_column_text]\n<h1>Looking for a<strong> 2D\/3D CA<\/strong>D for <strong>pattern making<\/strong> and automatic <strong>size grading<\/strong>?<\/h1>\n[\/vc_column_text][vc_column_text]Check out how to speed up design with Crea Solution software suite.[\/vc_column_text][\/vc_column][vc_column width=&#8221;1\/2&#8243;][contact-form-7 id=&#8221;4225&#8243; html_class=&#8221;default&#8221;][vc_raw_html]JTNDc2NyaXB0JTIwdHlwZSUzRCUyMnRleHQlMkZqYXZhc2NyaXB0JTIyJTNFJTBBZG9jdW1lbnQuYWRkRXZlbnRMaXN0ZW5lciUyOCUyN3dwY2Y3bWFpbHNlbnQlMjclMkMlMjBmdW5jdGlvbiUyOCUyMGV2ZW50JTIwJTI5JTIwJTdCJTBBJTIwJTIwJTIwJTIwaWYlMjglMjAlMjc0MjI1JTI3JTIwJTNEJTNEJTIwZXZlbnQuZGV0YWlsLmNvbnRhY3RGb3JtSWQlMjAlMjklMjAlN0IlMEElMjAlMjAlMjAlMjAlMjAlMjAlMjAlMjBnYSUyOCUyN3NlbmQlMjclMkMlMjAlMjdldmVudCUyNyUyQyUyMCUyN0xQJTIwQ0FEJTIwMkQlMjclMkMlMjAlMjdzdWJtaXQlMjclMjklM0IlMEElMjAlMjAlMjAlMjAlN0QlMEElN0QlMjklM0IlMEElM0MlMkZzY3JpcHQlM0UlMEElM0NzY3JpcHQlMjB0eXBlJTNEJTIydGV4dCUyRmphdmFzY3JpcHQlMjIlM0UlMEElMjAlMjAlMkYlMkElMjAlM0MlMjElNUJDREFUQSU1QiUyMCUyQSUyRiUwQSUyMCUyMGdvb2dfc25pcHBldF92YXJzJTIwJTNEJTIwZnVuY3Rpb24lMjglMjklMjAlN0IlMEElMjAlMjAlMjAlMjB2YXIlMjB3JTIwJTNEJTIwd2luZG93JTNCJTBBJTIwJTIwJTIwJTIwdy5nb29nbGVfY29udmVyc2lvbl9pZCUyMCUzRCUyMDg1NjkzMjg0OCUzQiUwQSUyMCUyMCUyMCUyMHcuZ29vZ2xlX2NvbnZlcnNpb25fbGFiZWwlMjAlM0QlMjAlMjJOWlFBQ0l5SnRYVVE4SVBQbUFNJTIyJTNCJTBBJTIwJTIwJTIwJTIwdy5nb29nbGVfY29udmVyc2lvbl92YWx1ZSUyMCUzRCUyMDUuMDAlM0IlMEElMjAlMjAlMjAlMjB3Lmdvb2dsZV9jb252ZXJzaW9uX2N1cnJlbmN5JTIwJTNEJTIwJTIyRVVSJTIyJTNCJTBBJTIwJTIwJTIwJTIwdy5nb29nbGVfcmVtYXJrZXRpbmdfb25seSUyMCUzRCUyMGZhbHNlJTNCJTBBJTIwJTIwJTdEJTBBJTIwJTIwJTJGJTJGJTIwRE8lMjBOT1QlMjBDSEFOR0UlMjBUSEUlMjBDT0RFJTIwQkVMT1cuJTBBJTIwJTIwZ29vZ19yZXBvcnRfY29udmVyc2lvbiUyMCUzRCUyMGZ1bmN0aW9uJTI4dXJsJTI5JTIwJTdCJTBBJTIwJTIwJTIwJTIwZ29vZ19zbmlwcGV0X3ZhcnMlMjglMjklM0IlMEElMjAlMjAlMjAlMjB3aW5kb3cuZ29vZ2xlX2NvbnZlcnNpb25fZm9ybWF0JTIwJTNEJTIwJTIyMyUyMiUzQiUwQSUyMCUyMCUyMCUyMHZhciUyMG9wdCUyMCUzRCUyMG5ldyUyME9iamVjdCUyOCUyOSUzQiUwQSUyMCUyMCUyMCUyMG9wdC5vbmxvYWRfY2FsbGJhY2slMjAlM0QlMjBmdW5jdGlvbiUyOCUyOSUyMCU3QiUwQSUyMCUyMCUyMCUyMGlmJTIwJTI4dHlwZW9mJTI4dXJsJTI5JTIwJTIxJTNEJTIwJTI3dW5kZWZpbmVkJTI3JTI5JTIwJTdCJTBBJTIwJTIwJTIwJTIwJTIwJTIwd2luZG93LmxvY2F0aW9uJTIwJTNEJTIwdXJsJTNCJTBBJTIwJTIwJTIwJTIwJTdEJTBBJTIwJTIwJTdEJTBBJTIwJTIwdmFyJTIwY29udl9oYW5kbGVyJTIwJTNEJTIwd2luZG93JTVCJTI3Z29vZ2xlX3RyYWNrQ29udmVyc2lvbiUyNyU1RCUzQiUwQSUyMCUyMGlmJTIwJTI4dHlwZW9mJTI4Y29udl9oYW5kbGVyJTI5JTIwJTNEJTNEJTIwJTI3ZnVuY3Rpb24lMjclMjklMjAlN0IlMEElMjAlMjAlMjAlMjBjb252X2hhbmRsZXIlMjhvcHQlMjklM0IlMEElMjAlMjAlN0QlMEElN0QlMEElMkYlMkElMjAlNUQlNUQlM0UlMjAlMkElMkYlMEElM0MlMkZzY3JpcHQlM0UlMEElM0NzY3JpcHQlMjB0eXBlJTNEJTIydGV4dCUyRmphdmFzY3JpcHQlMjIlMEElMjAlMjBzcmMlM0QlMjIlMkYlMkZ3d3cuZ29vZ2xlYWRzZXJ2aWNlcy5jb20lMkZwYWdlYWQlMkZjb252ZXJzaW9uX2FzeW5jLmpzJTIyJTNFJTBBJTNDJTJGc2NyaXB0JTNF[\/vc_raw_html][\/vc_column][\/vc_row][vc_row css_animation=&#8221;&#8221; row_type=&#8221;row&#8221; use_row_as_full_screen_section=&#8221;no&#8221; type=&#8221;full_width&#8221; angled_section=&#8221;no&#8221; text_align=&#8221;left&#8221; background_image_as_pattern=&#8221;without_pattern&#8221; el_class=&#8221;section_2col_box section_2col_box_left portfolio_product_list&#8221;][vc_column css_animation=&#8221;fadeInUp&#8221; width=&#8221;1\/2&#8243; css=&#8221;.vc_custom_1618223060295{background-image: url(https:\/\/www.creasolution.it\/wp-content\/uploads\/2021\/04\/Screenshot-2460.png?id=9842) !important;background-position: center !important;background-repeat: no-repeat !important;background-size: cover !important;}&#8221;][\/vc_column][vc_column css_animation=&#8221;fadeInUp&#8221; width=&#8221;1\/2&#8243;][vc_column_text]\n<h4>DESIGN FASTER<\/h4>\n[\/vc_column_text][vc_column_text]\n<h2>CAD for <strong>pattern making<\/strong> and size grading<\/h2>\n[\/vc_column_text][vc_column_text]Create\u2122 is the Crea Solution 2D CAD Suite to create and modify patterns for fashion industry, fully integrate with 3D Browzwear CAD Lotta &amp; VStitcher.<\/p>\n<ul>\n<li>Garade size automatically<\/li>\n<li>Design a whole pattern base in only <strong>10 seconds<\/strong> thanks to the <strong>macro functions<\/strong> integrated in the CAD<\/li>\n<li><strong>Import<\/strong> and work on pattern created by other CADs<\/li>\n<li>Accelerate your creative flow<\/li>\n<li><strong>Digitize<\/strong> your paper patterns in 4 different ways<\/li>\n<li>Become a Crea CAD expert in <strong>ONLY 3 DAYS of training<\/strong>, thanks to the reduction of designing times, designers are able to fully express their creativity.<\/li>\n<\/ul>\n[\/vc_column_text][\/vc_column][\/vc_row][vc_row css_animation=&#8221;&#8221; row_type=&#8221;row&#8221; use_row_as_full_screen_section=&#8221;no&#8221; type=&#8221;full_width&#8221; angled_section=&#8221;no&#8221; text_align=&#8221;left&#8221; background_image_as_pattern=&#8221;without_pattern&#8221; el_class=&#8221;section_2col_box section_2col_box_right portfolio_product_list&#8221; z_index=&#8221;&#8221;][vc_column css_animation=&#8221;fadeInUp&#8221; width=&#8221;1\/2&#8243; css=&#8221;.vc_custom_1617877234556{background-image: url(https:\/\/www.creasolution.it\/wp-content\/uploads\/2021\/04\/Screenshot-2463.png?id=9848) !important;background-position: center !important;background-repeat: no-repeat !important;background-size: cover !important;}&#8221;][\/vc_column][vc_column css_animation=&#8221;fadeInUp&#8221; width=&#8221;1\/2&#8243;][vc_column_text]\n<h4>DIGITAL PROTOTYPING<\/h4>\n[\/vc_column_text][vc_column_text]\n<h2>Instant <strong>3D simulation<\/strong> while designing<\/h2>\n[\/vc_column_text][vc_column_text]The 2D \/ 3D integration allows <strong>working simultaneously<\/strong> on the <strong>pattern<\/strong> and on the <strong>3D prototype<\/strong>. Immediately visualizing the garment and all the changes with real definition during the design let you to avoid the prototyping phase, speeding up the work flow considerably.<\/p>\n<p>With VStitcher, apparel companies are moving to true-to-life digital samples that remove productivity barriers, speed up time to market, and enhance sustainability.[\/vc_column_text][\/vc_column][\/vc_row][vc_row css_animation=&#8221;&#8221; row_type=&#8221;row&#8221; use_row_as_full_screen_section=&#8221;no&#8221; type=&#8221;full_width&#8221; angled_section=&#8221;no&#8221; text_align=&#8221;left&#8221; background_image_as_pattern=&#8221;without_pattern&#8221; el_class=&#8221;section_2col_box section_2col_box_left portfolio_product_list&#8221;][vc_column css_animation=&#8221;fadeInUp&#8221; width=&#8221;1\/2&#8243; css=&#8221;.vc_custom_1618223081675{background-image: url(https:\/\/www.creasolution.it\/wp-content\/uploads\/2020\/09\/Screenshot-1420.png?id=8151) !important;background-position: center !important;background-repeat: no-repeat !important;background-size: cover !important;}&#8221;][\/vc_column][vc_column css_animation=&#8221;fadeInUp&#8221; width=&#8221;1\/2&#8243;][vc_column_text]\n<h4>MADE TO MEASURE<\/h4>\n[\/vc_column_text][vc_column_text]\n<h2>Ropa a <strong>medida<\/strong><\/h2>\n[\/vc_column_text][vc_column_text]Automatice todo el proceso de &#8220;a medida&#8221; con el <strong>CAD MTM<\/strong> de Crea Solution. Este sistema permite automatizar completamente todo el processo: desde el pedido realizado en la tienda u online, la creaci\u00f3n autom\u00e1tica del patron y la <strong>creaci\u00f3n automatica<\/strong> de la marcada, hasta el corte del tejido de cuadros y raya, gracias al sistema de visi\u00f3n.[\/vc_column_text][\/vc_column][\/vc_row][vc_row row_type=&#8221;parallax&#8221; header_style=&#8221;light&#8221; parallax_content_width=&#8221;in_grid&#8221; text_align=&#8221;center&#8221; full_screen_section_height=&#8221;no&#8221; background_image=&#8221;3711&#8243; section_height=&#8221;600&#8243; el_class=&#8221;parallaxlanding&#8221;][vc_column][vc_column_text]\n<h3>Want to see how to boost your production?<\/h3>\n[\/vc_column_text][button target=&#8221;_self&#8221; hover_type=&#8221;default&#8221; text_align=&#8221;center&#8221; text=&#8221;Book a demo&#8221; link=&#8221;#landingintrosection&#8221; button_id=&#8221;ottienipreventivo&#8221; border_radius=&#8221;4&#8243;][\/vc_column][\/vc_row][vc_row css_animation=&#8221;&#8221; row_type=&#8221;row&#8221; use_row_as_full_screen_section=&#8221;no&#8221; type=&#8221;full_width&#8221; angled_section=&#8221;no&#8221; text_align=&#8221;left&#8221; background_image_as_pattern=&#8221;without_pattern&#8221; background_color=&#8221;#0d2239&#8243;][vc_column][vc_raw_js]JTNDc2NyaXB0JTIwdHlwZSUzRCUyMnRleHQlMkZqYXZhc2NyaXB0JTIyJTNFJTBBalF1ZXJ5JTI4ZG9jdW1lbnQlMjkucmVhZHklMjhmdW5jdGlvbiUyOCUyOSU3QiUwQWpRdWVyeSUyOCUyNyUyM290dGllbmlwcmV2ZW50aXZvJTI3JTI5LmVhY2glMjhmdW5jdGlvbiUyOCUyOSU3QiUwQSUyMCUyMCUyMCUyMGpRdWVyeSUyOHRoaXMlMjkuY2xpY2slMjhmdW5jdGlvbiUyOCUyOSU3QiUyMCUwQSUyMCUyMCUyMCUyMCUyMCUyMCUyMCUyMGpRdWVyeSUyOCUyN2h0bWwlMkNib2R5JTI3JTI5LmFuaW1hdGUlMjglN0IlMjBzY3JvbGxUb3AlM0ElMjAwJTIwJTdEJTJDJTIwJTI3c2xvdyUyNyUyOSUzQiUwQSUyMCUyMCUyMCUyMCUyMCUyMCUyMCUyMHJldHVybiUyMGZhbHNlJTNCJTIwJTBBJTIwJTIwJTIwJTIwJTdEJTI5JTNCJTBBJTdEJTI5JTNCJTBBJTdEJTI5JTNCJTBBJTNDJTJGc2NyaXB0JTNF[\/vc_raw_js][\/vc_column][\/vc_row]\n","protected":false},"excerpt":{"rendered":"<p>[vc_row css_animation=&#8221;element_from_fade&#8221; row_type=&#8221;row&#8221; use_row_as_full_screen_section=&#8221;no&#8221; type=&#8221;grid&#8221; header_style=&#8221;dark&#8221; angled_section=&#8221;no&#8221; text_align=&#8221;left&#8221; background_image_as_pattern=&#8221;without_pattern&#8221; background_image=&#8221;3684&#8243; el_id=&#8221;landingintrosection&#8221; el_class=&#8221;heading_fullscreen heading_dark&#8221; css=&#8221;.vc_custom_1617871955766{background-image: url(https:\/\/www.creasolution.it\/wp-content\/uploads\/2021\/04\/Screenshot-2458.png?id=9840) !important;}&#8221; z_index=&#8221;&#8221;][vc_column width=&#8221;1\/2&#8243;][vc_column_text] &nbsp; &nbsp; [\/vc_column_text][vc_column_text] CREA SOLUTION [\/vc_column_text][vc_column_text] Looking&#8230;<\/p>\n","protected":false},"author":5,"featured_media":3707,"parent":0,"menu_order":0,"comment_status":"closed","ping_status":"closed","template":"","meta":{"footnotes":""},"class_list":["post-4148","page","type-page","status-publish","has-post-thumbnail"],"_links":{"self":[{"href":"https:\/\/www.creasolution.it\/en\/wp-json\/wp\/v2\/pages\/4148","targetHints":{"allow":["GET"]}}],"collection":[{"href":"https:\/\/www.creasolution.it\/en\/wp-json\/wp\/v2\/pages"}],"about":[{"href":"https:\/\/www.creasolution.it\/en\/wp-json\/wp\/v2\/types\/page"}],"author":[{"embeddable":true,"href":"https:\/\/www.creasolution.it\/en\/wp-json\/wp\/v2\/users\/5"}],"replies":[{"embeddable":true,"href":"https:\/\/www.creasolution.it\/en\/wp-json\/wp\/v2\/comments?post=4148"}],"version-history":[{"count":0,"href":"https:\/\/www.creasolution.it\/en\/wp-json\/wp\/v2\/pages\/4148\/revisions"}],"wp:featuredmedia":[{"embeddable":true,"href":"https:\/\/www.creasolution.it\/en\/wp-json\/wp\/v2\/media\/3707"}],"wp:attachment":[{"href":"https:\/\/www.creasolution.it\/en\/wp-json\/wp\/v2\/media?parent=4148"}],"curies":[{"name":"wp","href":"https:\/\/api.w.org\/{rel}","templated":true}]}}